{"id":10,"date":"2019-06-06T22:25:36","date_gmt":"2019-06-06T20:25:36","guid":{"rendered":"http:\/\/dimadebsarchitecture.idizbox.com\/?page_id=10"},"modified":"2023-01-11T16:12:42","modified_gmt":"2023-01-11T15:12:42","slug":"studio","status":"publish","type":"page","link":"https:\/\/dimadebsarchitecture.idizbox.com\/en\/studio\/","title":{"rendered":"Studio"},"content":{"rendered":"<p>Dima, Architect, graduated from ENSAPM (\u00c9cole Nationale Sup\u00e9rieure d&#8217;Architecture Paris-Malaquais) with a Master\u2019s degree, and from the HMONP (Habilitation \u00e0 la Ma\u00eetrise d&#8217;\u0153uvre en son Nom Propre). She is registered with the French Order of Architects. Her career path includes several internships, as well as full time jobs in renowned architecture agencies which exposed her and enriched her with different styles before creating her own universe.<\/p>\n<p>Natacha, Interior Architect graduated from the American University in Beirut, Lebanon, with a Master\u2019s degree in Interior &amp; Design from Domus Milan and a Certificate in Product Design from Central Saint Martin\u2019s London. Natacha started her design journey in Milan with an international interior architecture and design firm; This was followed by a career as an interior architect for residential and commercial projects between Beirut and Paris.<\/p>\n<p>DNA, an Architecture Studio founded by Dima and Natacha who met when renovating a luxury haussmanian apartment in Paris. Their encounter revealed the evidence of a strong multicultural synergy (Franco-Lebanese) and complementarity of design styles and talents; Dima and Natacha decided then to merge their passionate journey to continue creating together tailored beautiful spaces with a broad range of materials and inspirations combining elegance and timelessness.<\/p>\n<p>Dima and Natacha have a very rich and diversified track record of spaces design and creation by passionately and successfully completing and delivering several landmark projects including luxury apartments and houses, restaurants, offices, medical cabinets and others.<\/p>","protected":false},"excerpt":{"rendered":"<p>Dima, Architect, graduated from ENSAPM (\u00c9cole Nationale Sup\u00e9rieure d&#8217;Architecture Paris-Malaquais) with a Master\u2019s degree, and from the HMONP (Habilitation \u00e0 la Ma\u00eetrise d&#8217;\u0153uvre en son Nom Propre). She is registered with the French Order of Architects. Her career path includes several internships, as well as full time jobs in renowned architecture agencies which exposed her [&hellip;]<\/p>\n","protected":false},"author":1,"featured_media":0,"parent":0,"menu_order":0,"comment_status":"closed","ping_status":"closed","template":"page-apropos.php","meta":[],"_links":{"self":[{"href":"https:\/\/dimadebsarchitecture.idizbox.com\/en\/wp-json\/wp\/v2\/pages\/10"}],"collection":[{"href":"https:\/\/dimadebsarchitecture.idizbox.com\/en\/wp-json\/wp\/v2\/pages"}],"about":[{"href":"https:\/\/dimadebsarchitecture.idizbox.com\/en\/wp-json\/wp\/v2\/types\/page"}],"author":[{"embeddable":true,"href":"https:\/\/dimadebsarchitecture.idizbox.com\/en\/wp-json\/wp\/v2\/users\/1"}],"replies":[{"embeddable":true,"href":"https:\/\/dimadebsarchitecture.idizbox.com\/en\/wp-json\/wp\/v2\/comments?post=10"}],"version-history":[{"count":6,"href":"https:\/\/dimadebsarchitecture.idizbox.com\/en\/wp-json\/wp\/v2\/pages\/10\/revisions"}],"predecessor-version":[{"id":121,"href":"https:\/\/dimadebsarchitecture.idizbox.com\/en\/wp-json\/wp\/v2\/pages\/10\/revisions\/121"}],"wp:attachment":[{"href":"https:\/\/dimadebsarchitecture.idizbox.com\/en\/wp-json\/wp\/v2\/media?parent=10"}],"curies":[{"name":"wp","href":"https:\/\/api.w.org\/{rel}","templated":true}]}}